{"id":20,"date":"2023-12-05T10:58:12","date_gmt":"2023-12-05T15:58:12","guid":{"rendered":"https:\/\/rymconfecciones.com.pe\/?page_id=20"},"modified":"2023-12-07T11:46:55","modified_gmt":"2023-12-07T16:46:55","slug":"merchandising","status":"publish","type":"page","link":"https:\/\/rymconfecciones.com.pe\/?page_id=20","title":{"rendered":"Merchandising"},"content":{"rendered":"\t\t<div data-elementor-type=\"wp-page\" data-elementor-id=\"20\" class=\"elementor elementor-20\">\n\t\t\t\t\t\t\t<div class=\"elementor-element elementor-element-63debea e-flex e-con-boxed e-con e-parent\" data-id=\"63debea\" data-element_type=\"container\" data-settings=\"{&quot;content_width&quot;:&quot;boxed&quot;}\" data-core-v316-plus=\"true\">\n\t\t\t\t\t<div class=\"e-con-inner\">\n\t\t\t\t<div class=\"elementor-element elementor-element-276933d elementor-widget elementor-widget-heading\" data-id=\"276933d\" data-element_type=\"widget\" data-widget_type=\"heading.default\">\n\t\t\t\t<div class=\"elementor-widget-container\">\n\t\t\t<style>\/*! elementor - v3.18.0 - 04-12-2023 *\/\n.elementor-heading-title{padding:0;margin:0;line-height:1}.elementor-widget-heading .elementor-heading-title[class*=elementor-size-]>a{color:inherit;font-size:inherit;line-height:inherit}.elementor-widget-heading .elementor-heading-title.elementor-size-small{font-size:15px}.elementor-widget-heading .elementor-heading-title.elementor-size-medium{font-size:19px}.elementor-widget-heading .elementor-heading-title.elementor-size-large{font-size:29px}.elementor-widget-heading .elementor-heading-title.elementor-size-xl{font-size:39px}.elementor-widget-heading .elementor-heading-title.elementor-size-xxl{font-size:59px}<\/style><h2 class=\"elementor-heading-title elementor-size-default\">NUESTRA ESPECIALIDAD<\/h2>\t\t<\/div>\n\t\t\t\t<\/div>\n\t\t\t\t<div class=\"elementor-element elementor-element-58c1488 elementor-widget elementor-widget-image-gallery\" data-id=\"58c1488\" data-element_type=\"widget\" data-widget_type=\"image-gallery.default\">\n\t\t\t\t<div class=\"elementor-widget-container\">\n\t\t\t<style>\/*! elementor - v3.18.0 - 04-12-2023 *\/\n.elementor-image-gallery .gallery-item{display:inline-block;text-align:center;vertical-align:top;width:100%;max-width:100%;margin:0 auto}.elementor-image-gallery .gallery-item img{margin:0 auto}.elementor-image-gallery .gallery-item .gallery-caption{margin:0}.elementor-image-gallery figure img{display:block}.elementor-image-gallery figure figcaption{width:100%}.gallery-spacing-custom .elementor-image-gallery .gallery-icon{padding:0}@media (min-width:768px){.elementor-image-gallery .gallery-columns-2 .gallery-item{max-width:50%}.elementor-image-gallery .gallery-columns-3 .gallery-item{max-width:33.33%}.elementor-image-gallery .gallery-columns-4 .gallery-item{max-width:25%}.elementor-image-gallery .gallery-columns-5 .gallery-item{max-width:20%}.elementor-image-gallery .gallery-columns-6 .gallery-item{max-width:16.666%}.elementor-image-gallery .gallery-columns-7 .gallery-item{max-width:14.28%}.elementor-image-gallery .gallery-columns-8 .gallery-item{max-width:12.5%}.elementor-image-gallery .gallery-columns-9 .gallery-item{max-width:11.11%}.elementor-image-gallery .gallery-columns-10 .gallery-item{max-width:10%}}@media (min-width:480px) and (max-width:767px){.elementor-image-gallery .gallery.gallery-columns-2 .gallery-item,.elementor-image-gallery .gallery.gallery-columns-3 .gallery-item,.elementor-image-gallery .gallery.gallery-columns-4 .gallery-item,.elementor-image-gallery .gallery.gallery-columns-5 .gallery-item,.elementor-image-gallery .gallery.gallery-columns-6 .gallery-item,.elementor-image-gallery .gallery.gallery-columns-7 .gallery-item,.elementor-image-gallery .gallery.gallery-columns-8 .gallery-item,.elementor-image-gallery .gallery.gallery-columns-9 .gallery-item,.elementor-image-gallery .gallery.gallery-columns-10 .gallery-item{max-width:50%}}@media (max-width:479px){.elementor-image-gallery .gallery.gallery-columns-2 .gallery-item,.elementor-image-gallery .gallery.gallery-columns-3 .gallery-item,.elementor-image-gallery .gallery.gallery-columns-4 .gallery-item,.elementor-image-gallery .gallery.gallery-columns-5 .gallery-item,.elementor-image-gallery .gallery.gallery-columns-6 .gallery-item,.elementor-image-gallery .gallery.gallery-columns-7 .gallery-item,.elementor-image-gallery .gallery.gallery-columns-8 .gallery-item,.elementor-image-gallery .gallery.gallery-columns-9 .gallery-item,.elementor-image-gallery .gallery.gallery-columns-10 .gallery-item{max-width:100%}}<\/style>\t\t<div class=\"elementor-image-gallery\">\n\t\t\t<div id='gallery-1' class='gallery galleryid-20 gallery-columns-2 gallery-size-medium'><figure class='gallery-item'>\n\t\t\t<div class='gallery-icon landscape'>\n\t\t\t\t<a data-elementor-open-lightbox=\"yes\" data-elementor-lightbox-slideshow=\"58c1488\" data-elementor-lightbox-title=\"canguros\" data-e-action-hash=\"#elementor-action%3Aaction%3Dlightbox%26settings%3DeyJpZCI6MTEyLCJ1cmwiOiJodHRwczpcL1wvcnltY29uZmVjY2lvbmVzLmNvbS5wZVwvd3AtY29udGVudFwvdXBsb2Fkc1wvMjAyM1wvMTJcL2Nhbmd1cm9zLnBuZyIsInNsaWRlc2hvdyI6IjU4YzE0ODgifQ%3D%3D\" href='https:\/\/rymconfecciones.com.pe\/wp-content\/uploads\/2023\/12\/canguros.png'><img fetchpriority=\"high\" decoding=\"async\" width=\"300\" height=\"300\" src=\"https:\/\/rymconfecciones.com.pe\/wp-content\/uploads\/2023\/12\/canguros-300x300.png\" class=\"attachment-medium size-medium\" alt=\"\" srcset=\"https:\/\/rymconfecciones.com.pe\/wp-content\/uploads\/2023\/12\/canguros-300x300.png 300w, https:\/\/rymconfecciones.com.pe\/wp-content\/uploads\/2023\/12\/canguros-150x150.png 150w, https:\/\/rymconfecciones.com.pe\/wp-content\/uploads\/2023\/12\/canguros-768x768.png 768w, https:\/\/rymconfecciones.com.pe\/wp-content\/uploads\/2023\/12\/canguros-600x600.png 600w, https:\/\/rymconfecciones.com.pe\/wp-content\/uploads\/2023\/12\/canguros.png 800w\" sizes=\"(max-width: 300px) 100vw, 300px\" \/><\/a>\n\t\t\t<\/div><\/figure><figure class='gallery-item'>\n\t\t\t<div class='gallery-icon landscape'>\n\t\t\t\t<a data-elementor-open-lightbox=\"yes\" data-elementor-lightbox-slideshow=\"58c1488\" data-elementor-lightbox-title=\"cooler\" data-e-action-hash=\"#elementor-action%3Aaction%3Dlightbox%26settings%3DeyJpZCI6MTEzLCJ1cmwiOiJodHRwczpcL1wvcnltY29uZmVjY2lvbmVzLmNvbS5wZVwvd3AtY29udGVudFwvdXBsb2Fkc1wvMjAyM1wvMTJcL2Nvb2xlci5wbmciLCJzbGlkZXNob3ciOiI1OGMxNDg4In0%3D\" href='https:\/\/rymconfecciones.com.pe\/wp-content\/uploads\/2023\/12\/cooler.png'><img decoding=\"async\" width=\"300\" height=\"300\" src=\"https:\/\/rymconfecciones.com.pe\/wp-content\/uploads\/2023\/12\/cooler-300x300.png\" class=\"attachment-medium size-medium\" alt=\"\" srcset=\"https:\/\/rymconfecciones.com.pe\/wp-content\/uploads\/2023\/12\/cooler-300x300.png 300w, https:\/\/rymconfecciones.com.pe\/wp-content\/uploads\/2023\/12\/cooler-150x150.png 150w, https:\/\/rymconfecciones.com.pe\/wp-content\/uploads\/2023\/12\/cooler-768x768.png 768w, https:\/\/rymconfecciones.com.pe\/wp-content\/uploads\/2023\/12\/cooler-600x600.png 600w, https:\/\/rymconfecciones.com.pe\/wp-content\/uploads\/2023\/12\/cooler.png 800w\" sizes=\"(max-width: 300px) 100vw, 300px\" \/><\/a>\n\t\t\t<\/div><\/figure><figure class='gallery-item'>\n\t\t\t<div class='gallery-icon landscape'>\n\t\t\t\t<a data-elementor-open-lightbox=\"yes\" data-elementor-lightbox-slideshow=\"58c1488\" data-elementor-lightbox-title=\"gorras\" data-e-action-hash=\"#elementor-action%3Aaction%3Dlightbox%26settings%3DeyJpZCI6MTE0LCJ1cmwiOiJodHRwczpcL1wvcnltY29uZmVjY2lvbmVzLmNvbS5wZVwvd3AtY29udGVudFwvdXBsb2Fkc1wvMjAyM1wvMTJcL2dvcnJhcy5wbmciLCJzbGlkZXNob3ciOiI1OGMxNDg4In0%3D\" href='https:\/\/rymconfecciones.com.pe\/wp-content\/uploads\/2023\/12\/gorras.png'><img decoding=\"async\" width=\"300\" height=\"300\" src=\"https:\/\/rymconfecciones.com.pe\/wp-content\/uploads\/2023\/12\/gorras-300x300.png\" class=\"attachment-medium size-medium\" alt=\"\" srcset=\"https:\/\/rymconfecciones.com.pe\/wp-content\/uploads\/2023\/12\/gorras-300x300.png 300w, https:\/\/rymconfecciones.com.pe\/wp-content\/uploads\/2023\/12\/gorras-150x150.png 150w, https:\/\/rymconfecciones.com.pe\/wp-content\/uploads\/2023\/12\/gorras-768x768.png 768w, https:\/\/rymconfecciones.com.pe\/wp-content\/uploads\/2023\/12\/gorras-600x600.png 600w, https:\/\/rymconfecciones.com.pe\/wp-content\/uploads\/2023\/12\/gorras.png 800w\" sizes=\"(max-width: 300px) 100vw, 300px\" \/><\/a>\n\t\t\t<\/div><\/figure><figure class='gallery-item'>\n\t\t\t<div class='gallery-icon landscape'>\n\t\t\t\t<a data-elementor-open-lightbox=\"yes\" data-elementor-lightbox-slideshow=\"58c1488\" data-elementor-lightbox-title=\"mochilas\" data-e-action-hash=\"#elementor-action%3Aaction%3Dlightbox%26settings%3DeyJpZCI6MTE1LCJ1cmwiOiJodHRwczpcL1wvcnltY29uZmVjY2lvbmVzLmNvbS5wZVwvd3AtY29udGVudFwvdXBsb2Fkc1wvMjAyM1wvMTJcL21vY2hpbGFzLnBuZyIsInNsaWRlc2hvdyI6IjU4YzE0ODgifQ%3D%3D\" href='https:\/\/rymconfecciones.com.pe\/wp-content\/uploads\/2023\/12\/mochilas.png'><img loading=\"lazy\" decoding=\"async\" width=\"300\" height=\"300\" src=\"https:\/\/rymconfecciones.com.pe\/wp-content\/uploads\/2023\/12\/mochilas-300x300.png\" class=\"attachment-medium size-medium\" alt=\"\" srcset=\"https:\/\/rymconfecciones.com.pe\/wp-content\/uploads\/2023\/12\/mochilas-300x300.png 300w, https:\/\/rymconfecciones.com.pe\/wp-content\/uploads\/2023\/12\/mochilas-150x150.png 150w, https:\/\/rymconfecciones.com.pe\/wp-content\/uploads\/2023\/12\/mochilas-768x768.png 768w, https:\/\/rymconfecciones.com.pe\/wp-content\/uploads\/2023\/12\/mochilas-600x600.png 600w, https:\/\/rymconfecciones.com.pe\/wp-content\/uploads\/2023\/12\/mochilas.png 800w\" sizes=\"(max-width: 300px) 100vw, 300px\" \/><\/a>\n\t\t\t<\/div><\/figure><figure class='gallery-item'>\n\t\t\t<div class='gallery-icon landscape'>\n\t\t\t\t<a data-elementor-open-lightbox=\"yes\" data-elementor-lightbox-slideshow=\"58c1488\" data-elementor-lightbox-title=\"puff de playa\" data-e-action-hash=\"#elementor-action%3Aaction%3Dlightbox%26settings%3DeyJpZCI6MTE3LCJ1cmwiOiJodHRwczpcL1wvcnltY29uZmVjY2lvbmVzLmNvbS5wZVwvd3AtY29udGVudFwvdXBsb2Fkc1wvMjAyM1wvMTJcL3B1ZmYtZGUtcGxheWEucG5nIiwic2xpZGVzaG93IjoiNThjMTQ4OCJ9\" href='https:\/\/rymconfecciones.com.pe\/wp-content\/uploads\/2023\/12\/puff-de-playa.png'><img loading=\"lazy\" decoding=\"async\" width=\"300\" height=\"300\" src=\"https:\/\/rymconfecciones.com.pe\/wp-content\/uploads\/2023\/12\/puff-de-playa-300x300.png\" class=\"attachment-medium size-medium\" alt=\"\" srcset=\"https:\/\/rymconfecciones.com.pe\/wp-content\/uploads\/2023\/12\/puff-de-playa-300x300.png 300w, https:\/\/rymconfecciones.com.pe\/wp-content\/uploads\/2023\/12\/puff-de-playa-150x150.png 150w, https:\/\/rymconfecciones.com.pe\/wp-content\/uploads\/2023\/12\/puff-de-playa-768x768.png 768w, https:\/\/rymconfecciones.com.pe\/wp-content\/uploads\/2023\/12\/puff-de-playa-600x600.png 600w, https:\/\/rymconfecciones.com.pe\/wp-content\/uploads\/2023\/12\/puff-de-playa.png 800w\" sizes=\"(max-width: 300px) 100vw, 300px\" \/><\/a>\n\t\t\t<\/div><\/figure><figure class='gallery-item'>\n\t\t\t<div class='gallery-icon landscape'>\n\t\t\t\t<a data-elementor-open-lightbox=\"yes\" data-elementor-lightbox-slideshow=\"58c1488\" data-elementor-lightbox-title=\"polo cuello camisa\" data-e-action-hash=\"#elementor-action%3Aaction%3Dlightbox%26settings%3DeyJpZCI6ODQsInVybCI6Imh0dHBzOlwvXC9yeW1jb25mZWNjaW9uZXMuY29tLnBlXC93cC1jb250ZW50XC91cGxvYWRzXC8yMDIzXC8xMlwvcG9sby1jdWVsbG8tY2FtaXNhLnBuZyIsInNsaWRlc2hvdyI6IjU4YzE0ODgifQ%3D%3D\" href='https:\/\/rymconfecciones.com.pe\/wp-content\/uploads\/2023\/12\/polo-cuello-camisa.png'><img loading=\"lazy\" decoding=\"async\" width=\"300\" height=\"300\" src=\"https:\/\/rymconfecciones.com.pe\/wp-content\/uploads\/2023\/12\/polo-cuello-camisa-300x300.png\" class=\"attachment-medium size-medium\" alt=\"\" srcset=\"https:\/\/rymconfecciones.com.pe\/wp-content\/uploads\/2023\/12\/polo-cuello-camisa-300x300.png 300w, https:\/\/rymconfecciones.com.pe\/wp-content\/uploads\/2023\/12\/polo-cuello-camisa-150x150.png 150w, https:\/\/rymconfecciones.com.pe\/wp-content\/uploads\/2023\/12\/polo-cuello-camisa-768x768.png 768w, https:\/\/rymconfecciones.com.pe\/wp-content\/uploads\/2023\/12\/polo-cuello-camisa-600x600.png 600w, https:\/\/rymconfecciones.com.pe\/wp-content\/uploads\/2023\/12\/polo-cuello-camisa.png 800w\" sizes=\"(max-width: 300px) 100vw, 300px\" \/><\/a>\n\t\t\t<\/div><\/figure><figure class='gallery-item'>\n\t\t\t<div class='gallery-icon landscape'>\n\t\t\t\t<a data-elementor-open-lightbox=\"yes\" data-elementor-lightbox-slideshow=\"58c1488\" data-elementor-lightbox-title=\"CHALECOS\" data-e-action-hash=\"#elementor-action%3Aaction%3Dlightbox%26settings%3DeyJpZCI6ODEsInVybCI6Imh0dHBzOlwvXC9yeW1jb25mZWNjaW9uZXMuY29tLnBlXC93cC1jb250ZW50XC91cGxvYWRzXC8yMDIzXC8xMlwvQ0hBTEVDT1MucG5nIiwic2xpZGVzaG93IjoiNThjMTQ4OCJ9\" href='https:\/\/rymconfecciones.com.pe\/wp-content\/uploads\/2023\/12\/CHALECOS.png'><img loading=\"lazy\" decoding=\"async\" width=\"300\" height=\"300\" src=\"https:\/\/rymconfecciones.com.pe\/wp-content\/uploads\/2023\/12\/CHALECOS-300x300.png\" class=\"attachment-medium size-medium\" alt=\"\" srcset=\"https:\/\/rymconfecciones.com.pe\/wp-content\/uploads\/2023\/12\/CHALECOS-300x300.png 300w, https:\/\/rymconfecciones.com.pe\/wp-content\/uploads\/2023\/12\/CHALECOS-150x150.png 150w, https:\/\/rymconfecciones.com.pe\/wp-content\/uploads\/2023\/12\/CHALECOS-768x768.png 768w, https:\/\/rymconfecciones.com.pe\/wp-content\/uploads\/2023\/12\/CHALECOS-600x600.png 600w, https:\/\/rymconfecciones.com.pe\/wp-content\/uploads\/2023\/12\/CHALECOS.png 800w\" sizes=\"(max-width: 300px) 100vw, 300px\" \/><\/a>\n\t\t\t<\/div><\/figure><figure class='gallery-item'>\n\t\t\t<div class='gallery-icon landscape'>\n\t\t\t\t<a data-elementor-open-lightbox=\"yes\" data-elementor-lightbox-slideshow=\"58c1488\" data-elementor-lightbox-title=\"polo cuello redondo\" data-e-action-hash=\"#elementor-action%3Aaction%3Dlightbox%26settings%3DeyJpZCI6ODUsInVybCI6Imh0dHBzOlwvXC9yeW1jb25mZWNjaW9uZXMuY29tLnBlXC93cC1jb250ZW50XC91cGxvYWRzXC8yMDIzXC8xMlwvcG9sby1jdWVsbG8tcmVkb25kby5wbmciLCJzbGlkZXNob3ciOiI1OGMxNDg4In0%3D\" href='https:\/\/rymconfecciones.com.pe\/wp-content\/uploads\/2023\/12\/polo-cuello-redondo.png'><img loading=\"lazy\" decoding=\"async\" width=\"300\" height=\"300\" src=\"https:\/\/rymconfecciones.com.pe\/wp-content\/uploads\/2023\/12\/polo-cuello-redondo-300x300.png\" class=\"attachment-medium size-medium\" alt=\"\" srcset=\"https:\/\/rymconfecciones.com.pe\/wp-content\/uploads\/2023\/12\/polo-cuello-redondo-300x300.png 300w, https:\/\/rymconfecciones.com.pe\/wp-content\/uploads\/2023\/12\/polo-cuello-redondo-150x150.png 150w, https:\/\/rymconfecciones.com.pe\/wp-content\/uploads\/2023\/12\/polo-cuello-redondo-768x768.png 768w, https:\/\/rymconfecciones.com.pe\/wp-content\/uploads\/2023\/12\/polo-cuello-redondo-600x600.png 600w, https:\/\/rymconfecciones.com.pe\/wp-content\/uploads\/2023\/12\/polo-cuello-redondo.png 800w\" sizes=\"(max-width: 300px) 100vw, 300px\" \/><\/a>\n\t\t\t<\/div><\/figure>\n\t\t<\/div>\n\t\t<\/div>\n\t\t\t\t<\/div>\n\t\t\t\t<\/div>\n\t\t\t\t\t<\/div>\n\t\t\t\t<\/div>\n\t\t<div class=\"elementor-element elementor-element-d95a66c e-flex e-con-boxed e-con e-parent\" data-id=\"d95a66c\" data-element_type=\"container\" data-settings=\"{&quot;content_width&quot;:&quot;boxed&quot;}\" data-core-v316-plus=\"true\">\n\t\t\t\t\t<div class=\"e-con-inner\">\n\t\t\t\t<div class=\"elementor-element elementor-element-21d12ba elementor-align-center elementor-widget elementor-widget-button\" data-id=\"21d12ba\" data-element_type=\"widget\" data-widget_type=\"button.default\">\n\t\t\t\t<div class=\"elementor-widget-container\">\n\t\t\t\t\t<div class=\"elementor-button-wrapper\">\n\t\t\t<a class=\"elementor-button elementor-button-link elementor-size-sm\" href=\"https:\/\/api.whatsapp.com\/send\/?phone=51970185000&#038;text&#038;type=phone_number&#038;app_absent=0\">\n\t\t\t\t\t\t<span class=\"elementor-button-content-wrapper\">\n\t\t\t\t\t\t<span class=\"elementor-button-text\">COTIZA AQU\u00cd<\/span>\n\t\t<\/span>\n\t\t\t\t\t<\/a>\n\t\t<\/div>\n\t\t\t\t<\/div>\n\t\t\t\t<\/div>\n\t\t\t\t\t<\/div>\n\t\t\t\t<\/div>\n\t\t<div class=\"elementor-element elementor-element-68db936 e-flex e-con-boxed e-con e-parent\" data-id=\"68db936\" data-element_type=\"container\" data-settings=\"{&quot;content_width&quot;:&quot;boxed&quot;}\" data-core-v316-plus=\"true\">\n\t\t\t\t\t<div class=\"e-con-inner\">\n\t\t<div class=\"elementor-element elementor-element-2571544 e-con-full e-flex e-con e-child\" data-id=\"2571544\" data-element_type=\"container\" data-settings=\"{&quot;content_width&quot;:&quot;full&quot;}\">\n\t\t\t\t<div class=\"elementor-element elementor-element-ccbad56 elementor-widget elementor-widget-heading\" data-id=\"ccbad56\" data-element_type=\"widget\" data-widget_type=\"heading.default\">\n\t\t\t\t<div class=\"elementor-widget-container\">\n\t\t\t<h2 class=\"elementor-heading-title elementor-size-default\">UB\u00cdCANOS EN:<\/h2>\t\t<\/div>\n\t\t\t\t<\/div>\n\t\t\t\t<\/div>\n\t\t<div class=\"elementor-element elementor-element-95e2ddb e-con-full e-flex e-con e-child\" data-id=\"95e2ddb\" data-element_type=\"container\" data-settings=\"{&quot;content_width&quot;:&quot;full&quot;}\">\n\t\t\t\t<div class=\"elementor-element elementor-element-70c0d83 elementor-widget elementor-widget-heading\" data-id=\"70c0d83\" data-element_type=\"widget\" data-widget_type=\"heading.default\">\n\t\t\t\t<div class=\"elementor-widget-container\">\n\t\t\t<h2 class=\"elementor-heading-title elementor-size-default\">AV CIRCUNVALACI\u00d3N 2643 - ATE<\/h2>\t\t<\/div>\n\t\t\t\t<\/div>\n\t\t\t\t<\/div>\n\t\t<div class=\"elementor-element elementor-element-7368498 e-con-full e-flex e-con e-child\" data-id=\"7368498\" data-element_type=\"container\" data-settings=\"{&quot;content_width&quot;:&quot;full&quot;}\">\n\t\t\t\t<div class=\"elementor-element elementor-element-447655c elementor-widget elementor-widget-google_maps\" data-id=\"447655c\" data-element_type=\"widget\" data-widget_type=\"google_maps.default\">\n\t\t\t\t<div class=\"elementor-widget-container\">\n\t\t\t<style>\/*! elementor - v3.18.0 - 04-12-2023 *\/\n.elementor-widget-google_maps .elementor-widget-container{overflow:hidden}.elementor-widget-google_maps .elementor-custom-embed{line-height:0}.elementor-widget-google_maps iframe{height:300px}<\/style>\t\t<div class=\"elementor-custom-embed\">\n\t\t\t<iframe loading=\"lazy\"\n\t\t\t\t\tsrc=\"https:\/\/maps.google.com\/maps?q=AV%20CIRCUNVALALCION%202643&#038;t=m&#038;z=18&#038;output=embed&#038;iwloc=near\"\n\t\t\t\t\ttitle=\"AV CIRCUNVALALCION 2643\"\n\t\t\t\t\taria-label=\"AV CIRCUNVALALCION 2643\"\n\t\t\t><\/iframe>\n\t\t<\/div>\n\t\t\t\t<\/div>\n\t\t\t\t<\/div>\n\t\t\t\t<\/div>\n\t\t\t\t\t<\/div>\n\t\t\t\t<\/div>\n\t\t\t\t\t\t\t<\/div>\n\t\t","protected":false},"excerpt":{"rendered":"<p>NUESTRA ESPECIALIDAD COTIZA AQU\u00cd UB\u00cdCANOS EN: AV CIRCUNVALACI\u00d3N 2643 &#8211; ATE<\/p>\n","protected":false},"author":1,"featured_media":0,"parent":0,"menu_order":0,"comment_status":"closed","ping_status":"closed","template":"","meta":{"footnotes":""},"class_list":["post-20","page","type-page","status-publish","hentry","entry"],"_links":{"self":[{"href":"https:\/\/rymconfecciones.com.pe\/index.php?rest_route=\/wp\/v2\/pages\/20","targetHints":{"allow":["GET"]}}],"collection":[{"href":"https:\/\/rymconfecciones.com.pe\/index.php?rest_route=\/wp\/v2\/pages"}],"about":[{"href":"https:\/\/rymconfecciones.com.pe\/index.php?rest_route=\/wp\/v2\/types\/page"}],"author":[{"embeddable":true,"href":"https:\/\/rymconfecciones.com.pe\/index.php?rest_route=\/wp\/v2\/users\/1"}],"replies":[{"embeddable":true,"href":"https:\/\/rymconfecciones.com.pe\/index.php?rest_route=%2Fwp%2Fv2%2Fcomments&post=20"}],"version-history":[{"count":7,"href":"https:\/\/rymconfecciones.com.pe\/index.php?rest_route=\/wp\/v2\/pages\/20\/revisions"}],"predecessor-version":[{"id":142,"href":"https:\/\/rymconfecciones.com.pe\/index.php?rest_route=\/wp\/v2\/pages\/20\/revisions\/142"}],"wp:attachment":[{"href":"https:\/\/rymconfecciones.com.pe\/index.php?rest_route=%2Fwp%2Fv2%2Fmedia&parent=20"}],"curies":[{"name":"wp","href":"https:\/\/api.w.org\/{rel}","templated":true}]}}