{"id":16,"date":"2023-12-05T10:57:06","date_gmt":"2023-12-05T15:57:06","guid":{"rendered":"https:\/\/rymconfecciones.com.pe\/?page_id=16"},"modified":"2023-12-07T11:45:39","modified_gmt":"2023-12-07T16:45:39","slug":"uniformes-industriales","status":"publish","type":"page","link":"https:\/\/rymconfecciones.com.pe\/?page_id=16","title":{"rendered":"Uniformes Industriales"},"content":{"rendered":"\t\t<div data-elementor-type=\"wp-page\" data-elementor-id=\"16\" class=\"elementor elementor-16\">\n\t\t\t\t\t\t\t<div class=\"elementor-element elementor-element-2a49439 e-flex e-con-boxed e-con e-parent\" data-id=\"2a49439\" data-element_type=\"container\" data-settings=\"{&quot;content_width&quot;:&quot;boxed&quot;}\" data-core-v316-plus=\"true\">\n\t\t\t\t\t<div class=\"e-con-inner\">\n\t\t\t\t<div class=\"elementor-element elementor-element-dab20e8 elementor-widget elementor-widget-heading\" data-id=\"dab20e8\" data-element_type=\"widget\" data-widget_type=\"heading.default\">\n\t\t\t\t<div class=\"elementor-widget-container\">\n\t\t\t<style>\/*! elementor - v3.18.0 - 04-12-2023 *\/\n.elementor-heading-title{padding:0;margin:0;line-height:1}.elementor-widget-heading .elementor-heading-title[class*=elementor-size-]>a{color:inherit;font-size:inherit;line-height:inherit}.elementor-widget-heading .elementor-heading-title.elementor-size-small{font-size:15px}.elementor-widget-heading .elementor-heading-title.elementor-size-medium{font-size:19px}.elementor-widget-heading .elementor-heading-title.elementor-size-large{font-size:29px}.elementor-widget-heading .elementor-heading-title.elementor-size-xl{font-size:39px}.elementor-widget-heading .elementor-heading-title.elementor-size-xxl{font-size:59px}<\/style><h2 class=\"elementor-heading-title elementor-size-default\">NUESTRA ESPECIALIDAD<\/h2>\t\t<\/div>\n\t\t\t\t<\/div>\n\t\t\t\t<div class=\"elementor-element elementor-element-44b6b09 elementor-widget elementor-widget-image-gallery\" data-id=\"44b6b09\" data-element_type=\"widget\" data-widget_type=\"image-gallery.default\">\n\t\t\t\t<div class=\"elementor-widget-container\">\n\t\t\t<style>\/*! elementor - v3.18.0 - 04-12-2023 *\/\n.elementor-image-gallery .gallery-item{display:inline-block;text-align:center;vertical-align:top;width:100%;max-width:100%;margin:0 auto}.elementor-image-gallery .gallery-item img{margin:0 auto}.elementor-image-gallery .gallery-item .gallery-caption{margin:0}.elementor-image-gallery figure img{display:block}.elementor-image-gallery figure figcaption{width:100%}.gallery-spacing-custom .elementor-image-gallery .gallery-icon{padding:0}@media (min-width:768px){.elementor-image-gallery .gallery-columns-2 .gallery-item{max-width:50%}.elementor-image-gallery .gallery-columns-3 .gallery-item{max-width:33.33%}.elementor-image-gallery .gallery-columns-4 .gallery-item{max-width:25%}.elementor-image-gallery .gallery-columns-5 .gallery-item{max-width:20%}.elementor-image-gallery .gallery-columns-6 .gallery-item{max-width:16.666%}.elementor-image-gallery .gallery-columns-7 .gallery-item{max-width:14.28%}.elementor-image-gallery .gallery-columns-8 .gallery-item{max-width:12.5%}.elementor-image-gallery .gallery-columns-9 .gallery-item{max-width:11.11%}.elementor-image-gallery .gallery-columns-10 .gallery-item{max-width:10%}}@media (min-width:480px) and (max-width:767px){.elementor-image-gallery .gallery.gallery-columns-2 .gallery-item,.elementor-image-gallery .gallery.gallery-columns-3 .gallery-item,.elementor-image-gallery .gallery.gallery-columns-4 .gallery-item,.elementor-image-gallery .gallery.gallery-columns-5 .gallery-item,.elementor-image-gallery .gallery.gallery-columns-6 .gallery-item,.elementor-image-gallery .gallery.gallery-columns-7 .gallery-item,.elementor-image-gallery .gallery.gallery-columns-8 .gallery-item,.elementor-image-gallery .gallery.gallery-columns-9 .gallery-item,.elementor-image-gallery .gallery.gallery-columns-10 .gallery-item{max-width:50%}}@media (max-width:479px){.elementor-image-gallery .gallery.gallery-columns-2 .gallery-item,.elementor-image-gallery .gallery.gallery-columns-3 .gallery-item,.elementor-image-gallery .gallery.gallery-columns-4 .gallery-item,.elementor-image-gallery .gallery.gallery-columns-5 .gallery-item,.elementor-image-gallery .gallery.gallery-columns-6 .gallery-item,.elementor-image-gallery .gallery.gallery-columns-7 .gallery-item,.elementor-image-gallery .gallery.gallery-columns-8 .gallery-item,.elementor-image-gallery .gallery.gallery-columns-9 .gallery-item,.elementor-image-gallery .gallery.gallery-columns-10 .gallery-item{max-width:100%}}<\/style>\t\t<div class=\"elementor-image-gallery\">\n\t\t\t<div id='gallery-1' class='gallery galleryid-16 gallery-columns-3 gallery-size-medium'><figure class='gallery-item'>\n\t\t\t<div class='gallery-icon landscape'>\n\t\t\t\t<a data-elementor-open-lightbox=\"yes\" data-elementor-lightbox-slideshow=\"44b6b09\" data-elementor-lightbox-title=\"chaleco\" data-e-action-hash=\"#elementor-action%3Aaction%3Dlightbox%26settings%3DeyJpZCI6NTYsInVybCI6Imh0dHBzOlwvXC9yeW1jb25mZWNjaW9uZXMuY29tLnBlXC93cC1jb250ZW50XC91cGxvYWRzXC8yMDIzXC8xMlwvY2hhbGVjby5wbmciLCJzbGlkZXNob3ciOiI0NGI2YjA5In0%3D\" href='https:\/\/rymconfecciones.com.pe\/wp-content\/uploads\/2023\/12\/chaleco.png'><img fetchpriority=\"high\" decoding=\"async\" width=\"300\" height=\"300\" src=\"https:\/\/rymconfecciones.com.pe\/wp-content\/uploads\/2023\/12\/chaleco-300x300.png\" class=\"attachment-medium size-medium\" alt=\"\" srcset=\"https:\/\/rymconfecciones.com.pe\/wp-content\/uploads\/2023\/12\/chaleco-300x300.png 300w, https:\/\/rymconfecciones.com.pe\/wp-content\/uploads\/2023\/12\/chaleco-150x150.png 150w, https:\/\/rymconfecciones.com.pe\/wp-content\/uploads\/2023\/12\/chaleco-768x768.png 768w, https:\/\/rymconfecciones.com.pe\/wp-content\/uploads\/2023\/12\/chaleco-600x600.png 600w, https:\/\/rymconfecciones.com.pe\/wp-content\/uploads\/2023\/12\/chaleco.png 800w\" sizes=\"(max-width: 300px) 100vw, 300px\" \/><\/a>\n\t\t\t<\/div><\/figure><figure class='gallery-item'>\n\t\t\t<div class='gallery-icon landscape'>\n\t\t\t\t<a data-elementor-open-lightbox=\"yes\" data-elementor-lightbox-slideshow=\"44b6b09\" data-elementor-lightbox-title=\"gorra\" data-e-action-hash=\"#elementor-action%3Aaction%3Dlightbox%26settings%3DeyJpZCI6NTcsInVybCI6Imh0dHBzOlwvXC9yeW1jb25mZWNjaW9uZXMuY29tLnBlXC93cC1jb250ZW50XC91cGxvYWRzXC8yMDIzXC8xMlwvZ29ycmEucG5nIiwic2xpZGVzaG93IjoiNDRiNmIwOSJ9\" href='https:\/\/rymconfecciones.com.pe\/wp-content\/uploads\/2023\/12\/gorra.png'><img decoding=\"async\" width=\"300\" height=\"300\" src=\"https:\/\/rymconfecciones.com.pe\/wp-content\/uploads\/2023\/12\/gorra-300x300.png\" class=\"attachment-medium size-medium\" alt=\"\" srcset=\"https:\/\/rymconfecciones.com.pe\/wp-content\/uploads\/2023\/12\/gorra-300x300.png 300w, https:\/\/rymconfecciones.com.pe\/wp-content\/uploads\/2023\/12\/gorra-150x150.png 150w, https:\/\/rymconfecciones.com.pe\/wp-content\/uploads\/2023\/12\/gorra-768x768.png 768w, https:\/\/rymconfecciones.com.pe\/wp-content\/uploads\/2023\/12\/gorra-600x600.png 600w, https:\/\/rymconfecciones.com.pe\/wp-content\/uploads\/2023\/12\/gorra.png 800w\" sizes=\"(max-width: 300px) 100vw, 300px\" \/><\/a>\n\t\t\t<\/div><\/figure><figure class='gallery-item'>\n\t\t\t<div class='gallery-icon landscape'>\n\t\t\t\t<a data-elementor-open-lightbox=\"yes\" data-elementor-lightbox-slideshow=\"44b6b09\" data-elementor-lightbox-title=\"jeans\" data-e-action-hash=\"#elementor-action%3Aaction%3Dlightbox%26settings%3DeyJpZCI6NTgsInVybCI6Imh0dHBzOlwvXC9yeW1jb25mZWNjaW9uZXMuY29tLnBlXC93cC1jb250ZW50XC91cGxvYWRzXC8yMDIzXC8xMlwvamVhbnMucG5nIiwic2xpZGVzaG93IjoiNDRiNmIwOSJ9\" href='https:\/\/rymconfecciones.com.pe\/wp-content\/uploads\/2023\/12\/jeans.png'><img decoding=\"async\" width=\"300\" height=\"300\" src=\"https:\/\/rymconfecciones.com.pe\/wp-content\/uploads\/2023\/12\/jeans-300x300.png\" class=\"attachment-medium size-medium\" alt=\"\" srcset=\"https:\/\/rymconfecciones.com.pe\/wp-content\/uploads\/2023\/12\/jeans-300x300.png 300w, https:\/\/rymconfecciones.com.pe\/wp-content\/uploads\/2023\/12\/jeans-150x150.png 150w, https:\/\/rymconfecciones.com.pe\/wp-content\/uploads\/2023\/12\/jeans-768x768.png 768w, https:\/\/rymconfecciones.com.pe\/wp-content\/uploads\/2023\/12\/jeans-600x600.png 600w, https:\/\/rymconfecciones.com.pe\/wp-content\/uploads\/2023\/12\/jeans.png 800w\" sizes=\"(max-width: 300px) 100vw, 300px\" \/><\/a>\n\t\t\t<\/div><\/figure><figure class='gallery-item'>\n\t\t\t<div class='gallery-icon landscape'>\n\t\t\t\t<a data-elementor-open-lightbox=\"yes\" data-elementor-lightbox-slideshow=\"44b6b09\" data-elementor-lightbox-title=\"mameluco\" data-e-action-hash=\"#elementor-action%3Aaction%3Dlightbox%26settings%3DeyJpZCI6NTksInVybCI6Imh0dHBzOlwvXC9yeW1jb25mZWNjaW9uZXMuY29tLnBlXC93cC1jb250ZW50XC91cGxvYWRzXC8yMDIzXC8xMlwvbWFtZWx1Y28ucG5nIiwic2xpZGVzaG93IjoiNDRiNmIwOSJ9\" href='https:\/\/rymconfecciones.com.pe\/wp-content\/uploads\/2023\/12\/mameluco.png'><img loading=\"lazy\" decoding=\"async\" width=\"300\" height=\"300\" src=\"https:\/\/rymconfecciones.com.pe\/wp-content\/uploads\/2023\/12\/mameluco-300x300.png\" class=\"attachment-medium size-medium\" alt=\"\" srcset=\"https:\/\/rymconfecciones.com.pe\/wp-content\/uploads\/2023\/12\/mameluco-300x300.png 300w, https:\/\/rymconfecciones.com.pe\/wp-content\/uploads\/2023\/12\/mameluco-150x150.png 150w, https:\/\/rymconfecciones.com.pe\/wp-content\/uploads\/2023\/12\/mameluco-768x768.png 768w, https:\/\/rymconfecciones.com.pe\/wp-content\/uploads\/2023\/12\/mameluco-600x600.png 600w, https:\/\/rymconfecciones.com.pe\/wp-content\/uploads\/2023\/12\/mameluco.png 800w\" sizes=\"(max-width: 300px) 100vw, 300px\" \/><\/a>\n\t\t\t<\/div><\/figure><figure class='gallery-item'>\n\t\t\t<div class='gallery-icon landscape'>\n\t\t\t\t<a data-elementor-open-lightbox=\"yes\" data-elementor-lightbox-slideshow=\"44b6b09\" data-elementor-lightbox-title=\"pantalon de trabajo\" data-e-action-hash=\"#elementor-action%3Aaction%3Dlightbox%26settings%3DeyJpZCI6NjAsInVybCI6Imh0dHBzOlwvXC9yeW1jb25mZWNjaW9uZXMuY29tLnBlXC93cC1jb250ZW50XC91cGxvYWRzXC8yMDIzXC8xMlwvcGFudGFsb24tZGUtdHJhYmFqby5wbmciLCJzbGlkZXNob3ciOiI0NGI2YjA5In0%3D\" href='https:\/\/rymconfecciones.com.pe\/wp-content\/uploads\/2023\/12\/pantalon-de-trabajo.png'><img loading=\"lazy\" decoding=\"async\" width=\"300\" height=\"300\" src=\"https:\/\/rymconfecciones.com.pe\/wp-content\/uploads\/2023\/12\/pantalon-de-trabajo-300x300.png\" class=\"attachment-medium size-medium\" alt=\"\" srcset=\"https:\/\/rymconfecciones.com.pe\/wp-content\/uploads\/2023\/12\/pantalon-de-trabajo-300x300.png 300w, https:\/\/rymconfecciones.com.pe\/wp-content\/uploads\/2023\/12\/pantalon-de-trabajo-150x150.png 150w, https:\/\/rymconfecciones.com.pe\/wp-content\/uploads\/2023\/12\/pantalon-de-trabajo-768x768.png 768w, https:\/\/rymconfecciones.com.pe\/wp-content\/uploads\/2023\/12\/pantalon-de-trabajo-600x600.png 600w, https:\/\/rymconfecciones.com.pe\/wp-content\/uploads\/2023\/12\/pantalon-de-trabajo.png 800w\" sizes=\"(max-width: 300px) 100vw, 300px\" \/><\/a>\n\t\t\t<\/div><\/figure><figure class='gallery-item'>\n\t\t\t<div class='gallery-icon landscape'>\n\t\t\t\t<a data-elementor-open-lightbox=\"yes\" data-elementor-lightbox-slideshow=\"44b6b09\" data-elementor-lightbox-title=\"polo\" data-e-action-hash=\"#elementor-action%3Aaction%3Dlightbox%26settings%3DeyJpZCI6NjEsInVybCI6Imh0dHBzOlwvXC9yeW1jb25mZWNjaW9uZXMuY29tLnBlXC93cC1jb250ZW50XC91cGxvYWRzXC8yMDIzXC8xMlwvcG9sby5wbmciLCJzbGlkZXNob3ciOiI0NGI2YjA5In0%3D\" href='https:\/\/rymconfecciones.com.pe\/wp-content\/uploads\/2023\/12\/polo.png'><img loading=\"lazy\" decoding=\"async\" width=\"300\" height=\"300\" src=\"https:\/\/rymconfecciones.com.pe\/wp-content\/uploads\/2023\/12\/polo-300x300.png\" class=\"attachment-medium size-medium\" alt=\"\" srcset=\"https:\/\/rymconfecciones.com.pe\/wp-content\/uploads\/2023\/12\/polo-300x300.png 300w, https:\/\/rymconfecciones.com.pe\/wp-content\/uploads\/2023\/12\/polo-150x150.png 150w, https:\/\/rymconfecciones.com.pe\/wp-content\/uploads\/2023\/12\/polo-768x768.png 768w, https:\/\/rymconfecciones.com.pe\/wp-content\/uploads\/2023\/12\/polo-600x600.png 600w, https:\/\/rymconfecciones.com.pe\/wp-content\/uploads\/2023\/12\/polo.png 800w\" sizes=\"(max-width: 300px) 100vw, 300px\" \/><\/a>\n\t\t\t<\/div><\/figure><figure class='gallery-item'>\n\t\t\t<div class='gallery-icon landscape'>\n\t\t\t\t<a data-elementor-open-lightbox=\"yes\" data-elementor-lightbox-slideshow=\"44b6b09\" data-elementor-lightbox-title=\"casaca\" data-e-action-hash=\"#elementor-action%3Aaction%3Dlightbox%26settings%3DeyJpZCI6NTUsInVybCI6Imh0dHBzOlwvXC9yeW1jb25mZWNjaW9uZXMuY29tLnBlXC93cC1jb250ZW50XC91cGxvYWRzXC8yMDIzXC8xMlwvY2FzYWNhLnBuZyIsInNsaWRlc2hvdyI6IjQ0YjZiMDkifQ%3D%3D\" href='https:\/\/rymconfecciones.com.pe\/wp-content\/uploads\/2023\/12\/casaca.png'><img loading=\"lazy\" decoding=\"async\" width=\"300\" height=\"300\" src=\"https:\/\/rymconfecciones.com.pe\/wp-content\/uploads\/2023\/12\/casaca-300x300.png\" class=\"attachment-medium size-medium\" alt=\"\" srcset=\"https:\/\/rymconfecciones.com.pe\/wp-content\/uploads\/2023\/12\/casaca-300x300.png 300w, https:\/\/rymconfecciones.com.pe\/wp-content\/uploads\/2023\/12\/casaca-150x150.png 150w, https:\/\/rymconfecciones.com.pe\/wp-content\/uploads\/2023\/12\/casaca-768x768.png 768w, https:\/\/rymconfecciones.com.pe\/wp-content\/uploads\/2023\/12\/casaca-600x600.png 600w, https:\/\/rymconfecciones.com.pe\/wp-content\/uploads\/2023\/12\/casaca.png 800w\" sizes=\"(max-width: 300px) 100vw, 300px\" \/><\/a>\n\t\t\t<\/div><\/figure><figure class='gallery-item'>\n\t\t\t<div class='gallery-icon landscape'>\n\t\t\t\t<a data-elementor-open-lightbox=\"yes\" data-elementor-lightbox-slideshow=\"44b6b09\" data-elementor-lightbox-title=\"camisaco\" data-e-action-hash=\"#elementor-action%3Aaction%3Dlightbox%26settings%3DeyJpZCI6NTQsInVybCI6Imh0dHBzOlwvXC9yeW1jb25mZWNjaW9uZXMuY29tLnBlXC93cC1jb250ZW50XC91cGxvYWRzXC8yMDIzXC8xMlwvY2FtaXNhY28ucG5nIiwic2xpZGVzaG93IjoiNDRiNmIwOSJ9\" href='https:\/\/rymconfecciones.com.pe\/wp-content\/uploads\/2023\/12\/camisaco.png'><img loading=\"lazy\" decoding=\"async\" width=\"300\" height=\"300\" src=\"https:\/\/rymconfecciones.com.pe\/wp-content\/uploads\/2023\/12\/camisaco-300x300.png\" class=\"attachment-medium size-medium\" alt=\"\" srcset=\"https:\/\/rymconfecciones.com.pe\/wp-content\/uploads\/2023\/12\/camisaco-300x300.png 300w, https:\/\/rymconfecciones.com.pe\/wp-content\/uploads\/2023\/12\/camisaco-150x150.png 150w, https:\/\/rymconfecciones.com.pe\/wp-content\/uploads\/2023\/12\/camisaco-768x768.png 768w, https:\/\/rymconfecciones.com.pe\/wp-content\/uploads\/2023\/12\/camisaco-600x600.png 600w, https:\/\/rymconfecciones.com.pe\/wp-content\/uploads\/2023\/12\/camisaco.png 800w\" sizes=\"(max-width: 300px) 100vw, 300px\" \/><\/a>\n\t\t\t<\/div><\/figure><figure class='gallery-item'>\n\t\t\t<div class='gallery-icon landscape'>\n\t\t\t\t<a data-elementor-open-lightbox=\"yes\" data-elementor-lightbox-slideshow=\"44b6b09\" data-elementor-lightbox-title=\"camisa\" data-e-action-hash=\"#elementor-action%3Aaction%3Dlightbox%26settings%3DeyJpZCI6NTMsInVybCI6Imh0dHBzOlwvXC9yeW1jb25mZWNjaW9uZXMuY29tLnBlXC93cC1jb250ZW50XC91cGxvYWRzXC8yMDIzXC8xMlwvY2FtaXNhLnBuZyIsInNsaWRlc2hvdyI6IjQ0YjZiMDkifQ%3D%3D\" href='https:\/\/rymconfecciones.com.pe\/wp-content\/uploads\/2023\/12\/camisa.png'><img loading=\"lazy\" decoding=\"async\" width=\"300\" height=\"300\" src=\"https:\/\/rymconfecciones.com.pe\/wp-content\/uploads\/2023\/12\/camisa-300x300.png\" class=\"attachment-medium size-medium\" alt=\"\" srcset=\"https:\/\/rymconfecciones.com.pe\/wp-content\/uploads\/2023\/12\/camisa-300x300.png 300w, https:\/\/rymconfecciones.com.pe\/wp-content\/uploads\/2023\/12\/camisa-150x150.png 150w, https:\/\/rymconfecciones.com.pe\/wp-content\/uploads\/2023\/12\/camisa-768x768.png 768w, https:\/\/rymconfecciones.com.pe\/wp-content\/uploads\/2023\/12\/camisa-600x600.png 600w, https:\/\/rymconfecciones.com.pe\/wp-content\/uploads\/2023\/12\/camisa.png 800w\" sizes=\"(max-width: 300px) 100vw, 300px\" \/><\/a>\n\t\t\t<\/div><\/figure><figure class='gallery-item'>\n\t\t\t<div class='gallery-icon landscape'>\n\t\t\t\t<a data-elementor-open-lightbox=\"yes\" data-elementor-lightbox-slideshow=\"44b6b09\" data-elementor-lightbox-title=\"zapato\" data-e-action-hash=\"#elementor-action%3Aaction%3Dlightbox%26settings%3DeyJpZCI6NjIsInVybCI6Imh0dHBzOlwvXC9yeW1jb25mZWNjaW9uZXMuY29tLnBlXC93cC1jb250ZW50XC91cGxvYWRzXC8yMDIzXC8xMlwvemFwYXRvLnBuZyIsInNsaWRlc2hvdyI6IjQ0YjZiMDkifQ%3D%3D\" href='https:\/\/rymconfecciones.com.pe\/wp-content\/uploads\/2023\/12\/zapato.png'><img loading=\"lazy\" decoding=\"async\" width=\"300\" height=\"300\" src=\"https:\/\/rymconfecciones.com.pe\/wp-content\/uploads\/2023\/12\/zapato-300x300.png\" class=\"attachment-medium size-medium\" alt=\"\" srcset=\"https:\/\/rymconfecciones.com.pe\/wp-content\/uploads\/2023\/12\/zapato-300x300.png 300w, https:\/\/rymconfecciones.com.pe\/wp-content\/uploads\/2023\/12\/zapato-150x150.png 150w, https:\/\/rymconfecciones.com.pe\/wp-content\/uploads\/2023\/12\/zapato-768x768.png 768w, https:\/\/rymconfecciones.com.pe\/wp-content\/uploads\/2023\/12\/zapato-600x600.png 600w, https:\/\/rymconfecciones.com.pe\/wp-content\/uploads\/2023\/12\/zapato.png 800w\" sizes=\"(max-width: 300px) 100vw, 300px\" \/><\/a>\n\t\t\t<\/div><\/figure>\n\t\t<\/div>\n\t\t<\/div>\n\t\t\t\t<\/div>\n\t\t\t\t<\/div>\n\t\t\t\t\t<\/div>\n\t\t\t\t<\/div>\n\t\t<div class=\"elementor-element elementor-element-a126334 e-flex e-con-boxed e-con e-parent\" data-id=\"a126334\" data-element_type=\"container\" data-settings=\"{&quot;content_width&quot;:&quot;boxed&quot;}\" data-core-v316-plus=\"true\">\n\t\t\t\t\t<div class=\"e-con-inner\">\n\t\t\t\t<div class=\"elementor-element elementor-element-7fe666c elementor-widget-divider--view-line elementor-widget elementor-widget-divider\" data-id=\"7fe666c\" data-element_type=\"widget\" data-widget_type=\"divider.default\">\n\t\t\t\t<div class=\"elementor-widget-container\">\n\t\t\t<style>\/*! elementor - v3.18.0 - 04-12-2023 *\/\n.elementor-widget-divider{--divider-border-style:none;--divider-border-width:1px;--divider-color:#0c0d0e;--divider-icon-size:20px;--divider-element-spacing:10px;--divider-pattern-height:24px;--divider-pattern-size:20px;--divider-pattern-url:none;--divider-pattern-repeat:repeat-x}.elementor-widget-divider .elementor-divider{display:flex}.elementor-widget-divider .elementor-divider__text{font-size:15px;line-height:1;max-width:95%}.elementor-widget-divider .elementor-divider__element{margin:0 var(--divider-element-spacing);flex-shrink:0}.elementor-widget-divider .elementor-icon{font-size:var(--divider-icon-size)}.elementor-widget-divider .elementor-divider-separator{display:flex;margin:0;direction:ltr}.elementor-widget-divider--view-line_icon .elementor-divider-separator,.elementor-widget-divider--view-line_text .elementor-divider-separator{align-items:center}.elementor-widget-divider--view-line_icon .elementor-divider-separator:after,.elementor-widget-divider--view-line_icon .elementor-divider-separator:before,.elementor-widget-divider--view-line_text .elementor-divider-separator:after,.elementor-widget-divider--view-line_text .elementor-divider-separator:before{display:block;content:\"\";border-bottom:0;flex-grow:1;border-top:var(--divider-border-width) var(--divider-border-style) var(--divider-color)}.elementor-widget-divider--element-align-left .elementor-divider .elementor-divider-separator>.elementor-divider__svg:first-of-type{flex-grow:0;flex-shrink:100}.elementor-widget-divider--element-align-left .elementor-divider-separator:before{content:none}.elementor-widget-divider--element-align-left .elementor-divider__element{margin-left:0}.elementor-widget-divider--element-align-right .elementor-divider .elementor-divider-separator>.elementor-divider__svg:last-of-type{flex-grow:0;flex-shrink:100}.elementor-widget-divider--element-align-right .elementor-divider-separator:after{content:none}.elementor-widget-divider--element-align-right .elementor-divider__element{margin-right:0}.elementor-widget-divider:not(.elementor-widget-divider--view-line_text):not(.elementor-widget-divider--view-line_icon) .elementor-divider-separator{border-top:var(--divider-border-width) var(--divider-border-style) var(--divider-color)}.elementor-widget-divider--separator-type-pattern{--divider-border-style:none}.elementor-widget-divider--separator-type-pattern.elementor-widget-divider--view-line .elementor-divider-separator,.elementor-widget-divider--separator-type-pattern:not(.elementor-widget-divider--view-line) .elementor-divider-separator:after,.elementor-widget-divider--separator-type-pattern:not(.elementor-widget-divider--view-line) .elementor-divider-separator:before,.elementor-widget-divider--separator-type-pattern:not([class*=elementor-widget-divider--view]) .elementor-divider-separator{width:100%;min-height:var(--divider-pattern-height);-webkit-mask-size:var(--divider-pattern-size) 100%;mask-size:var(--divider-pattern-size) 100%;-webkit-mask-repeat:var(--divider-pattern-repeat);mask-repeat:var(--divider-pattern-repeat);background-color:var(--divider-color);-webkit-mask-image:var(--divider-pattern-url);mask-image:var(--divider-pattern-url)}.elementor-widget-divider--no-spacing{--divider-pattern-size:auto}.elementor-widget-divider--bg-round{--divider-pattern-repeat:round}.rtl .elementor-widget-divider .elementor-divider__text{direction:rtl}.e-con-inner>.elementor-widget-divider,.e-con>.elementor-widget-divider{width:var(--container-widget-width,100%);--flex-grow:var(--container-widget-flex-grow)}<\/style>\t\t<div class=\"elementor-divider\">\n\t\t\t<span class=\"elementor-divider-separator\">\n\t\t\t\t\t\t<\/span>\n\t\t<\/div>\n\t\t\t\t<\/div>\n\t\t\t\t<\/div>\n\t\t\t\t<div class=\"elementor-element elementor-element-647caa9 elementor-align-center elementor-invisible elementor-widget elementor-widget-button\" data-id=\"647caa9\" data-element_type=\"widget\" data-settings=\"{&quot;_animation&quot;:&quot;fadeIn&quot;}\" data-widget_type=\"button.default\">\n\t\t\t\t<div class=\"elementor-widget-container\">\n\t\t\t\t\t<div class=\"elementor-button-wrapper\">\n\t\t\t<a class=\"elementor-button elementor-button-link elementor-size-sm\" href=\"https:\/\/api.whatsapp.com\/send\/?phone=51970185000&#038;text&#038;type=phone_number&#038;app_absent=0\">\n\t\t\t\t\t\t<span class=\"elementor-button-content-wrapper\">\n\t\t\t\t\t\t<span class=\"elementor-button-text\">COTIZA AQU\u00cd<\/span>\n\t\t<\/span>\n\t\t\t\t\t<\/a>\n\t\t<\/div>\n\t\t\t\t<\/div>\n\t\t\t\t<\/div>\n\t\t\t\t\t<\/div>\n\t\t\t\t<\/div>\n\t\t<div class=\"elementor-element elementor-element-2dae462f e-con-full e-flex e-con e-parent\" data-id=\"2dae462f\" data-element_type=\"container\" data-settings=\"{&quot;content_width&quot;:&quot;full&quot;}\" data-core-v316-plus=\"true\">\n\t\t<div class=\"elementor-element elementor-element-24ae957c e-con-full e-flex e-con e-child\" data-id=\"24ae957c\" data-element_type=\"container\" data-settings=\"{&quot;background_background&quot;:&quot;classic&quot;,&quot;content_width&quot;:&quot;full&quot;}\">\n\t\t\t\t<div class=\"elementor-element elementor-element-f48ea13 elementor-widget elementor-widget-google_maps\" data-id=\"f48ea13\" data-element_type=\"widget\" data-widget_type=\"google_maps.default\">\n\t\t\t\t<div class=\"elementor-widget-container\">\n\t\t\t<style>\/*! elementor - v3.18.0 - 04-12-2023 *\/\n.elementor-widget-google_maps .elementor-widget-container{overflow:hidden}.elementor-widget-google_maps .elementor-custom-embed{line-height:0}.elementor-widget-google_maps iframe{height:300px}<\/style>\t\t<div class=\"elementor-custom-embed\">\n\t\t\t<iframe loading=\"lazy\"\n\t\t\t\t\tsrc=\"https:\/\/maps.google.com\/maps?q=AV%20CIRCUNVALACION%202643&#038;t=m&#038;z=18&#038;output=embed&#038;iwloc=near\"\n\t\t\t\t\ttitle=\"AV CIRCUNVALACION 2643\"\n\t\t\t\t\taria-label=\"AV CIRCUNVALACION 2643\"\n\t\t\t><\/iframe>\n\t\t<\/div>\n\t\t\t\t<\/div>\n\t\t\t\t<\/div>\n\t\t\t\t<\/div>\n\t\t<div class=\"elementor-element elementor-element-1b61eb64 e-con-full e-flex e-con e-child\" data-id=\"1b61eb64\" data-element_type=\"container\" data-settings=\"{&quot;content_width&quot;:&quot;full&quot;}\">\n\t\t\t\t<div class=\"elementor-element elementor-element-bbadaee elementor-widget elementor-widget-heading\" data-id=\"bbadaee\" data-element_type=\"widget\" data-widget_type=\"heading.default\">\n\t\t\t\t<div class=\"elementor-widget-container\">\n\t\t\t<h2 class=\"elementor-heading-title elementor-size-default\">UB\u00cdCANOS EN:<\/h2>\t\t<\/div>\n\t\t\t\t<\/div>\n\t\t\t\t<div class=\"elementor-element elementor-element-6173ce90 elementor-widget elementor-widget-icon-box\" data-id=\"6173ce90\" data-element_type=\"widget\" data-widget_type=\"icon-box.default\">\n\t\t\t\t<div class=\"elementor-widget-container\">\n\t\t\t<link rel=\"stylesheet\" href=\"https:\/\/rymconfecciones.com.pe\/wp-content\/plugins\/elementor\/assets\/css\/widget-icon-box.min.css\">\t\t<div class=\"elementor-icon-box-wrapper\">\n\t\t\t\t\t\t<div class=\"elementor-icon-box-content\">\n\t\t\t\t<h4 class=\"elementor-icon-box-title\">\n\t\t\t\t\t<span  >\n\t\t\t\t\t\t\t\t\t\t\t<\/span>\n\t\t\t\t<\/h4>\n\t\t\t\t\t\t\t\t\t<p class=\"elementor-icon-box-description\">\n\t\t\t\t\t\tAV. CIRCUNVALACI\u00d3N 2643 - ATE\t\t\t\t\t<\/p>\n\t\t\t\t\t\t\t<\/div>\n\t\t<\/div>\n\t\t\t\t<\/div>\n\t\t\t\t<\/div>\n\t\t\t\t<\/div>\n\t\t\t\t<\/div>\n\t\t\t\t\t\t\t<\/div>\n\t\t","protected":false},"excerpt":{"rendered":"<p>NUESTRA ESPECIALIDAD COTIZA AQU\u00cd UB\u00cdCANOS EN: AV. CIRCUNVALACI\u00d3N 2643 &#8211; ATE<\/p>\n","protected":false},"author":1,"featured_media":0,"parent":0,"menu_order":0,"comment_status":"closed","ping_status":"closed","template":"","meta":{"footnotes":""},"class_list":["post-16","page","type-page","status-publish","hentry","entry"],"_links":{"self":[{"href":"https:\/\/rymconfecciones.com.pe\/index.php?rest_route=\/wp\/v2\/pages\/16","targetHints":{"allow":["GET"]}}],"collection":[{"href":"https:\/\/rymconfecciones.com.pe\/index.php?rest_route=\/wp\/v2\/pages"}],"about":[{"href":"https:\/\/rymconfecciones.com.pe\/index.php?rest_route=\/wp\/v2\/types\/page"}],"author":[{"embeddable":true,"href":"https:\/\/rymconfecciones.com.pe\/index.php?rest_route=\/wp\/v2\/users\/1"}],"replies":[{"embeddable":true,"href":"https:\/\/rymconfecciones.com.pe\/index.php?rest_route=%2Fwp%2Fv2%2Fcomments&post=16"}],"version-history":[{"count":7,"href":"https:\/\/rymconfecciones.com.pe\/index.php?rest_route=\/wp\/v2\/pages\/16\/revisions"}],"predecessor-version":[{"id":136,"href":"https:\/\/rymconfecciones.com.pe\/index.php?rest_route=\/wp\/v2\/pages\/16\/revisions\/136"}],"wp:attachment":[{"href":"https:\/\/rymconfecciones.com.pe\/index.php?rest_route=%2Fwp%2Fv2%2Fmedia&parent=16"}],"curies":[{"name":"wp","href":"https:\/\/api.w.org\/{rel}","templated":true}]}}